{"id":55,"date":"2013-12-25T11:44:33","date_gmt":"2013-12-25T10:44:33","guid":{"rendered":"http:\/\/bujinkanpau.org\/?page_id=55"},"modified":"2018-07-08T13:35:09","modified_gmt":"2018-07-08T12:35:09","slug":"pratique-des-armes","status":"publish","type":"page","link":"https:\/\/bujinkanpau.org\/?page_id=55","title":{"rendered":"Pratique des armes"},"content":{"rendered":"<p style=\"text-align: justify;\">Le Ninjutsu d\u00e9veloppe l\u2019apprentissage des armes. Armes traditionnelles ou actuelles, chaque arme est travaill\u00e9e avec d\u00e9tails en tenant compte de ses sp\u00e9cificit\u00e9s.<\/p>\n<p style=\"text-align: justify;\">Le travail des armes tel qu\u2019il est pratiqu\u00e9 au sein de notre D\u00f4j\u00f4 se fait dans un objectif de travail psycho-corporel et philosophique. L\u2019arme est alors consid\u00e9r\u00e9e comme le prolongement de l\u2019esprit (Shin) du pratiquant (Bushido).<\/p>\n<p style=\"text-align: justify;\">Le travail des armes ajoute une nouvelle dimension pour l\u2019appr\u00e9hension de l\u2019espace et ajoute une contrainte au cerveau, celle de g\u00e9rer l\u2019arme en plus de son propre corps et de son adversaire. Ajouter une arme dans la main, c\u2019est devoir modifier ses notions de distance, devoir s\u2019adapter au poids, \u00e0 la longueur, aux diverses sp\u00e9cificit\u00e9s de l\u2019objet tenu.<\/p>\n<p style=\"text-align: justify;\">Certains objets \u00e9tant plus compliqu\u00e9s \u00e0 maitriser dans l\u2019espace on d\u00e9marre tr\u00e8s t\u00f4t l\u2019apprentissage du b\u00e2ton, du sabre, avant de passer sur du mat\u00e9riel plus complexe comme les armes articul\u00e9es (chaines, shoge, cordes\u2026) et\/ou complexes (naginata : lames + b\u00e2ton\u2026).<\/p>\n<p style=\"text-align: justify;\">On multiplie ensuite les possibilit\u00e9s de distances de combat et en manipulant de nombreuses armes. On d\u00e9veloppe alors une capacit\u00e9 d\u2019adaptation. Le pratiquant pourra par la suite facilement lier ses connaissances \u00e0 des objets plus classiques (comme le parapluie \u00e0 la place du b\u00e2ton), lui permettant de se d\u00e9fendre avec des objets usuels qu\u2019il trouvera sur le lieu de l\u2019agression. Cela d\u00e9veloppera aussi sa dext\u00e9rit\u00e9 dans l\u2019utilisation de divers objets qui pr\u00e9sentent des caract\u00e9ristiques proches.<\/p>\n<p style=\"text-align: justify;\">On retrouve l\u2019apprentissage des armes suivantes au sein de notre \u00e9cole :<\/p>\n<div>\n<p>&nbsp;<\/p>\n<p><a href=\"https:\/\/bujinkanpau.org\/wp-content\/uploads\/2015\/04\/Armes.14.jpg\"><img loading=\"lazy\" decoding=\"async\" class=\"  wp-image-439 alignleft\" src=\"https:\/\/bujinkanpau.org\/wp-content\/uploads\/2015\/04\/Armes.14-176x300.jpg\" alt=\"Armes.14\" width=\"227\" height=\"387\" srcset=\"https:\/\/bujinkanpau.org\/wp-content\/uploads\/2015\/04\/Armes.14-176x300.jpg 176w, https:\/\/bujinkanpau.org\/wp-content\/uploads\/2015\/04\/Armes.14.jpg 285w\" sizes=\"auto, (max-width: 227px) 100vw, 227px\" \/><\/a><\/p>\n<p><strong>Tant\u00f4 Jutsu<\/strong><\/p>\n<p>\u00c9tude des lames courtes (Tant\u00f4, Kunai, couteau, dague, etc\u2026)<\/p>\n<p><strong>Hanb\u00f4 Jutsu<\/strong><strong>\u00a0<\/strong><\/p>\n<p>\u00c9tude du b\u00e2ton court (Hanb\u00f4, canne, etc.)<\/p>\n<p><strong>J\u00f4 Jutsu\u00a0<\/strong><\/p>\n<p>\u00c9tude du b\u00e2ton moyen (J\u00f4, canne de marche, b\u00e2ton de marche, etc.)<\/p>\n<p><strong>B\u00f4 Jutsu\u00a0<\/strong><\/p>\n<p>\u00c9tude du baton long (B\u00f4, b\u00e2ton de marche, etc.)<\/p>\n<p>&nbsp;<\/p>\n<p style=\"text-align: left;\"><strong><strong>Ken Jutsu\u00a0<\/strong><\/strong><\/p>\n<p style=\"text-align: left;\">\u00c9tude du sabre (Katana, Kodachi, etc.)<\/p>\n<p><strong>Yari jutsu<\/strong><\/p>\n<p>Etude de la lance (Kama Yari, J\u00fb-Ji Yari, etc.)<\/p>\n<p><strong>Nagi<img loading=\"lazy\" decoding=\"async\" class=\" size-medium wp-image-441 alignleft\" src=\"https:\/\/bujinkanpau.org\/wp-content\/uploads\/2015\/04\/Armes.16-282x300.gif\" alt=\"Armes.16\" width=\"282\" height=\"300\" \/>nata Jutsu<\/strong><\/p>\n<p>\u00c9tude\u00a0de la hallebarde japonaise<\/p>\n<p><strong>Shuriken Jutsu\u00a0<\/strong><\/p>\n<p>\u00c9tude des armes de jet (Shaken, dague de lancer, cailloux, etc.)<\/p>\n<p><strong>Kusari Fundo<\/strong>\u00a0<strong>Jutsu<\/strong><\/p>\n<p>\u00c9tude\u00a0de la cha\u00eene de 1 \u00e0 3 m<\/p>\n<p>&nbsp;<\/p>\n<p><strong>H\u00f4j\u00f4 Jutsu<\/strong><\/p>\n<p>\u00c9tude\u00a0de l&rsquo;art de la corde (ligoter, frapper, encordage, etc.)<\/p>\n<p><strong>Jutte Jutsu<\/strong><\/p>\n<p>\u00c9tude\u00a0de la \u00ab\u00a0main gauche\u00a0\u00bb Japonaise<\/p>\n<p><strong>Tepp\u00f4 Jutsu<\/strong><\/p>\n<p>\u00c9tude\u00a0des armes \u00e0 feu<\/p>\n<p><a href=\"https:\/\/bujinkanpau.org\/wp-content\/uploads\/2015\/04\/Armes.13.jpg\"><img loading=\"lazy\" decoding=\"async\" class=\"alignnone size-medium wp-image-438\" src=\"https:\/\/bujinkanpau.org\/wp-content\/uploads\/2015\/04\/Armes.13-300x211.jpg\" alt=\"Armes.13\" width=\"300\" height=\"211\" srcset=\"https:\/\/bujinkanpau.org\/wp-content\/uploads\/2015\/04\/Armes.13-300x211.jpg 300w, https:\/\/bujinkanpau.org\/wp-content\/uploads\/2015\/04\/Armes.13.jpg 400w\" sizes=\"auto, (max-width: 300px) 100vw, 300px\" \/><\/a><\/p>\n<p style=\"text-align: justify;\">Il existe des nombreuses autres armes \u00e9tudi\u00e9es au sein du Bujinkan Dojo\u2026 Toutefois il est pr\u00e9f\u00e9rable de ma\u00eetriser les Armes cit\u00e9es plus haut avant de se lancer dans d\u2019autres \u00e9tudes\u2026 la patience n\u2019est qu\u2019un instant (Toda Shinry\u00fbken Masamitsu)\u2026<\/p>\n<\/div>\n","protected":false},"excerpt":{"rendered":"<p>Le Ninjutsu d\u00e9veloppe l\u2019apprentissage des armes. Armes traditionnelles ou actuelles, chaque arme est travaill\u00e9e avec d\u00e9tails en tenant compte de ses sp\u00e9cificit\u00e9s. Le travail des armes tel qu\u2019il est pratiqu\u00e9 au sein de notre D\u00f4j\u00f4 se fait dans un objectif de travail psycho-corporel et philosophique. L\u2019arme est alors consid\u00e9r\u00e9e comme le prolongement de l\u2019esprit (Shin) &hellip; <\/p>\n<p class=\"link-more\"><a href=\"https:\/\/bujinkanpau.org\/?page_id=55\" class=\"more-link\">Lire la suite de<span class=\"screen-reader-text\">\u00ab\u00a0Pratique des armes\u00a0\u00bb<\/span><\/a><\/p>\n","protected":false},"author":2,"featured_media":0,"parent":16,"menu_order":0,"comment_status":"closed","ping_status":"closed","template":"","meta":{"inspiro_hide_title":false,"footnotes":""},"class_list":["post-55","page","type-page","status-publish","hentry"],"aioseo_notices":[],"featured_media_urls":[],"_links":{"self":[{"href":"https:\/\/bujinkanpau.org\/index.php?rest_route=\/wp\/v2\/pages\/55","targetHints":{"allow":["GET"]}}],"collection":[{"href":"https:\/\/bujinkanpau.org\/index.php?rest_route=\/wp\/v2\/pages"}],"about":[{"href":"https:\/\/bujinkanpau.org\/index.php?rest_route=\/wp\/v2\/types\/page"}],"author":[{"embeddable":true,"href":"https:\/\/bujinkanpau.org\/index.php?rest_route=\/wp\/v2\/users\/2"}],"replies":[{"embeddable":true,"href":"https:\/\/bujinkanpau.org\/index.php?rest_route=%2Fwp%2Fv2%2Fcomments&post=55"}],"version-history":[{"count":15,"href":"https:\/\/bujinkanpau.org\/index.php?rest_route=\/wp\/v2\/pages\/55\/revisions"}],"predecessor-version":[{"id":694,"href":"https:\/\/bujinkanpau.org\/index.php?rest_route=\/wp\/v2\/pages\/55\/revisions\/694"}],"up":[{"embeddable":true,"href":"https:\/\/bujinkanpau.org\/index.php?rest_route=\/wp\/v2\/pages\/16"}],"wp:attachment":[{"href":"https:\/\/bujinkanpau.org\/index.php?rest_route=%2Fwp%2Fv2%2Fmedia&parent=55"}],"curies":[{"name":"wp","href":"https:\/\/api.w.org\/{rel}","templated":true}]}}