{"id":51,"date":"2013-12-25T11:39:54","date_gmt":"2013-12-25T10:39:54","guid":{"rendered":"http:\/\/bujinkanpau.org\/?page_id=51"},"modified":"2026-05-03T14:26:10","modified_gmt":"2026-05-03T12:26:10","slug":"origines","status":"publish","type":"page","link":"https:\/\/bujinkanpau.org\/?page_id=51","title":{"rendered":"Toshitsugu Takamatsu"},"content":{"rendered":"\n<p><\/p>\n\n\n<p style=\"text-align: justify;\" align=\"left\">Ayant eff<img loading=\"lazy\" decoding=\"async\" class=\"  wp-image-435 alignleft\" src=\"https:\/\/bujinkanpau.org\/wp-content\/uploads\/2013\/12\/Takamatsu.jpg\" alt=\"Takamatsu\" width=\"157\" height=\"229\" \/>ectu\u00e9 plusieurs voyages en Chine, il d\u00fb y mettre en application sa pratique des arts martiaux au cours de multiples aventures et combats mortels. Il avait appris les arts martiaux anciens majoritairement aupr\u00e8s de son grand-p\u00e8re Toda Shinryuken Masamitsu, qui lui transmis trois des \u00e9coles d&rsquo;arts martiaux anciens que l&rsquo;on retrouve enseign\u00e9es au Bujinkan.<\/p>\n<p style=\"text-align: justify;\" align=\"left\">Durant son passage en Chine, il c\u00f4toya le dernier Empereur Chinois, Pu Yi duquel il f\u00fbt le garde du corps.<\/p>\n<p style=\"text-align: justify;\" align=\"left\">Ma\u00eetre Takamatsu parlait, en plus du japonais, le Chinois, l&rsquo;Anglais et le Fran\u00e7ais. Il fut ordonn\u00e9 pr\u00eatre Bouddhiste vers 30 ans, puis s&rsquo;occupa d&rsquo;une maison de th\u00e9. Il aimait peindre et promenait r\u00e9guli\u00e8rement ses 15 chiens. Il eut de multiples surnoms dont celui de \u00ab\u00a0Bujin\u00a0\u00bb (Dieu de la guerre) (terme que nous utilisons aujourd&rsquo;hui pour illustrer le travail de prise de conscience de Soi men\u00e9 par les pratiquants de nos \u00e9coles). Il transmit sont art \u00e0 une poign\u00e9e de personnes dont fait partie Hatsumi Masaaki, le fondateur du Bujinkan.<\/p>","protected":false},"excerpt":{"rendered":"<p>Ayant effectu\u00e9 plusieurs voyages en Chine, il d\u00fb y mettre en application sa pratique des arts martiaux au cours de multiples aventures et combats mortels. Il avait appris les arts martiaux anciens majoritairement aupr\u00e8s de son grand-p\u00e8re Toda Shinryuken Masamitsu, qui lui transmis trois des \u00e9coles d&rsquo;arts martiaux anciens que l&rsquo;on retrouve enseign\u00e9es au Bujinkan. &hellip; <\/p>\n<p class=\"link-more\"><a href=\"https:\/\/bujinkanpau.org\/?page_id=51\" class=\"more-link\">Lire la suite de<span class=\"screen-reader-text\">\u00ab\u00a0Toshitsugu Takamatsu\u00a0\u00bb<\/span><\/a><\/p>\n","protected":false},"author":2,"featured_media":0,"parent":16,"menu_order":0,"comment_status":"closed","ping_status":"closed","template":"","meta":{"inspiro_hide_title":false,"footnotes":""},"class_list":["post-51","page","type-page","status-publish","hentry"],"aioseo_notices":[],"featured_media_urls":[],"_links":{"self":[{"href":"https:\/\/bujinkanpau.org\/index.php?rest_route=\/wp\/v2\/pages\/51","targetHints":{"allow":["GET"]}}],"collection":[{"href":"https:\/\/bujinkanpau.org\/index.php?rest_route=\/wp\/v2\/pages"}],"about":[{"href":"https:\/\/bujinkanpau.org\/index.php?rest_route=\/wp\/v2\/types\/page"}],"author":[{"embeddable":true,"href":"https:\/\/bujinkanpau.org\/index.php?rest_route=\/wp\/v2\/users\/2"}],"replies":[{"embeddable":true,"href":"https:\/\/bujinkanpau.org\/index.php?rest_route=%2Fwp%2Fv2%2Fcomments&post=51"}],"version-history":[{"count":9,"href":"https:\/\/bujinkanpau.org\/index.php?rest_route=\/wp\/v2\/pages\/51\/revisions"}],"predecessor-version":[{"id":7340,"href":"https:\/\/bujinkanpau.org\/index.php?rest_route=\/wp\/v2\/pages\/51\/revisions\/7340"}],"up":[{"embeddable":true,"href":"https:\/\/bujinkanpau.org\/index.php?rest_route=\/wp\/v2\/pages\/16"}],"wp:attachment":[{"href":"https:\/\/bujinkanpau.org\/index.php?rest_route=%2Fwp%2Fv2%2Fmedia&parent=51"}],"curies":[{"name":"wp","href":"https:\/\/api.w.org\/{rel}","templated":true}]}}