{"id":45,"date":"2013-12-25T00:07:01","date_gmt":"2013-12-24T23:07:01","guid":{"rendered":"http:\/\/bujinkanpau.org\/?page_id=45"},"modified":"2026-05-10T10:50:50","modified_gmt":"2026-05-10T08:50:50","slug":"le-bujinkan","status":"publish","type":"page","link":"https:\/\/bujinkanpau.org\/?page_id=45","title":{"rendered":"Le Bujinkan"},"content":{"rendered":"<p>Il y a plusieurs ann\u00e9es maintenant, <a title=\"Hatsumi Masaaki\" href=\"https:\/\/bujinkanpau.org\/le-ninjutsu\/hatsumi-masaaki\/\" target=\"_blank\" rel=\"noopener\"><strong>Hatsumi Masaaki Sensei<\/strong><\/a> a cr\u00e9\u00e9 l\u2019organisation \u00ab Bujinkan \u00bb qui regroupe l\u2019\u00e9tude de 9 Ry\u00fb Traditionnels Japonais, visant \u00e0 conduire les pratiquants vers une d\u00e9marche philosophique personnelle par les Arts Martiaux Japonais (Budo \u2013 Bujutsu).<\/p>\n<p style=\"text-align: justify;\">Cette \u00e9tude \u00e0 travers 9 styles particuliers, permet aux \u00e9l\u00e8ves de d\u00e9couvrir des \u00ab Feeling \u00bb diff\u00e9rents leur permettant de d\u00e9velopper un concept fondamental de la vie : l\u2019adaptation.<\/p>\n<p style=\"text-align: justify;\">Symboliquement les \u00e9l\u00e8ves arpentent donc les 9 \u00ab styles \u00bb comme un cycle d\u2019\u00e9volution du 1 vers le 9 pour finalement trouver en Soi sa propre nature de Budoka (Guerrier), symbolis\u00e9e ici par le terme de \u00ab Bujin \u00bb (guerrier)\u2026<\/p>\n<p style=\"text-align: justify;\">Au Bujinkan Kamiyama D\u00f4j\u00f4 Pau nous abordons les \u00e9coles selon des principes aussi bien psycho-corporels que philosophiques.<\/p>\n<p style=\"text-align: justify;\">Voici donc un r\u00e9sum\u00e9 de notre vue des \u00e9coles qui ne concerne -bien sur- que notre D\u00f4j\u00f4 et la responsabilit\u00e9 du Shidoshi (Responsable du D\u00f4j\u00f4) qui dirige le cours :<\/p>\n<h1 style=\"text-align: justify;\">Gyokk\u00f4 Ry\u00fb Kosshi Jutsu<\/h1>\n<p style=\"text-align: justify;\">Cette \u00e9cole consid\u00e9r\u00e9e comme la base, la colonne vert\u00e9brale des Arts Martiaux de la r\u00e9gion d\u2019Iga (berceau du Ninjutsu), est une des premi\u00e8res enseign\u00e9e dans notre syst\u00e8me. En effet elle apporte les bases fondamentales qui vont permettre au pratiquant de reprendre contact avec son corps, apprendre \u00e0 se centrer, int\u00e9grer les mouvements fondamentaux de l\u2019art martial mais aussi des techniques avanc\u00e9es directement h\u00e9rit\u00e9es des guerriers du bassin asiatique.<\/p>\n<p style=\"text-align: center;\"><a href=\"https:\/\/bujinkanpau.org\/wp-content\/uploads\/2026\/01\/IMG_3251-e1769791194603.jpeg\"><img loading=\"lazy\" decoding=\"async\" class=\"alignnone size-medium wp-image-7100\" src=\"https:\/\/bujinkanpau.org\/wp-content\/uploads\/2026\/01\/IMG_3251-e1769791194603-300x262.jpeg\" alt=\"\" width=\"300\" height=\"262\" srcset=\"https:\/\/bujinkanpau.org\/wp-content\/uploads\/2026\/01\/IMG_3251-e1769791194603-300x262.jpeg 300w, https:\/\/bujinkanpau.org\/wp-content\/uploads\/2026\/01\/IMG_3251-e1769791194603-1024x895.jpeg 1024w, https:\/\/bujinkanpau.org\/wp-content\/uploads\/2026\/01\/IMG_3251-e1769791194603-768x671.jpeg 768w, https:\/\/bujinkanpau.org\/wp-content\/uploads\/2026\/01\/IMG_3251-e1769791194603-600x524.jpeg 600w, https:\/\/bujinkanpau.org\/wp-content\/uploads\/2026\/01\/IMG_3251-e1769791194603-1200x1049.jpeg 1200w, https:\/\/bujinkanpau.org\/wp-content\/uploads\/2026\/01\/IMG_3251-e1769791194603.jpeg 1270w\" sizes=\"auto, (max-width: 300px) 100vw, 300px\" \/><\/a><\/p>\n<p style=\"text-align: justify;\">Gyokko Ry\u00fb est une \u00e9cole qui porte encore les traces de la Chine et la Cor\u00e9e. On retrouve dans ses mouvements de nombreuses correspondances avec la philosophie et l\u2019ouvrage des peuples asiatiques antiques qui ont pu produire des \u0153uvres comme le Sun Tzu (l&rsquo;Art de la guerre) ou le Yi Jing (le Livre des mutations).<\/p>\n<h1 style=\"text-align: justify;\">K\u00f4t\u00f4 Ry\u00fb Kopp\u00f4 Jutsu<\/h1>\n<p style=\"text-align: justify;\">L\u2019\u00e9cole pour abattre le tigre est aussi une \u00e9cole ancienne qui ajoute une approche diff\u00e9rente dans les choix de distances, de timing et de choix de techniques lors du combat.<\/p>\n<p style=\"text-align: justify;\"><a href=\"https:\/\/bujinkanpau.org\/wp-content\/uploads\/2015\/04\/MainsN7.jpg\"><img loading=\"lazy\" decoding=\"async\" class=\"  wp-image-444 aligncenter\" src=\"https:\/\/bujinkanpau.org\/wp-content\/uploads\/2015\/04\/MainsN7-266x300.jpg\" alt=\"MainsN7\" width=\"134\" height=\"150\" srcset=\"https:\/\/bujinkanpau.org\/wp-content\/uploads\/2015\/04\/MainsN7-266x300.jpg 266w, https:\/\/bujinkanpau.org\/wp-content\/uploads\/2015\/04\/MainsN7-624x704.jpg 624w, https:\/\/bujinkanpau.org\/wp-content\/uploads\/2015\/04\/MainsN7.jpg 667w\" sizes=\"auto, (max-width: 134px) 100vw, 134px\" \/><\/a><\/p>\n<p style=\"text-align: justify;\">Cette \u00e9cole d\u00e9veloppe des aspects compl\u00e9mentaires au Gyokko Ry\u00fb, menant le pratiquant \u00e0 ne pas se formater \u00e0 un style. L\u2019approche dynamique de Koto Ry\u00fb est souvent tr\u00e8s adapt\u00e9e \u00e0 la d\u00e9fense. Son approche encore tr\u00e8s continentale (Chine, Cor\u00e9e) \u00e9vite de faire une rupture avec le style d\u00e9pouill\u00e9 qui peut caract\u00e9riser d\u2019autres \u00e9coles du Bujinkan.<\/p>\n<p style=\"text-align: justify;\">Rapide et utilisant les poings, le pratiquant devient vif comme le tigre.<\/p>\n<h1 style=\"text-align: justify;\">Togakure Ry\u00fb Ninjutsu<\/h1>\n<p style=\"text-align: justify;\">Cette \u00e9cole est compos\u00e9e de techniques qui se rapprochent le plus de ce qu\u2019on peut connaitre sous le nom de \u00ab Ninjutsu \u00bb. Dans cette \u00e9cole, l\u2019approche de la discr\u00e9tion et de l\u2019infiltration sont \u00e9tudi\u00e9es. Utilisant des techniques plut\u00f4t de type gu\u00e9rilla, les \u00e9l\u00e8ves pourront approcher le syst\u00e8me usant de l\u2019embuscade, du combat indirect, de la fuite, et finalement l\u2019\u00e9vitement du contact tout simplement\u2026<\/p>\n<p style=\"text-align: justify;\"><a href=\"https:\/\/bujinkanpau.org\/wp-content\/uploads\/2013\/12\/Kunoichi.jpg\"><img loading=\"lazy\" decoding=\"async\" class=\"  wp-image-456 aligncenter\" src=\"https:\/\/bujinkanpau.org\/wp-content\/uploads\/2013\/12\/Kunoichi.jpg\" alt=\"Kunoichi\" width=\"151\" height=\"150\" \/><\/a><\/p>\n<p style=\"text-align: justify;\">Cette \u00e9cole pr\u00f4ne que la violence doit \u00eatre \u00e9vit\u00e9e. En abordant ce style, l\u2019\u00e9l\u00e8ve peut voir le conflit d\u2019un \u0153il nouveau, diff\u00e9rent de la boxe d\u2019opposition il pr\u00e9f\u00e8rera \u00e9viter les ennuis\u2026<\/p>\n<h1 style=\"text-align: justify;\">Kukishinden Ry\u00fb Happ\u00f4 Biken<\/h1>\n<p style=\"text-align: justify;\">Cette \u00e9cole est une \u00e9cole qui permet d\u2019aborder le combat dans des milieux inhabituels puisqu\u2019on y trouve des techniques en armures, li\u00e9es \u00e0 l\u2019eau mais aussi principalement des techniques d\u2019armes.<\/p>\n<p style=\"text-align: justify;\"><a href=\"https:\/\/bujinkanpau.org\/wp-content\/uploads\/2015\/04\/Armes.14.jpg\"><img loading=\"lazy\" decoding=\"async\" class=\"  wp-image-439 aligncenter\" src=\"https:\/\/bujinkanpau.org\/wp-content\/uploads\/2015\/04\/Armes.14-176x300.jpg\" alt=\"Armes.14\" width=\"90\" height=\"149\" \/><\/a><\/p>\n<p style=\"text-align: justify;\">Le Happ\u00f4 Biken, codification au travers de plusieurs dizaines d\u2019armes, permet au pratiquant de manipuler un vaste panel d\u2019armes et de savoir s\u2019adapter aussi lors de l\u2019utilisation d\u2019objets en combat ou dans la vie quotidienne.<\/p>\n<h1 style=\"text-align: justify;\">Takagi Yoshin Ry\u00fb Jutai Jutsu<\/h1>\n<p style=\"text-align: justify;\">Cette \u00e9cole permet d\u2019aborder des notions de contact tr\u00e8s proches, de maitrise de son adversaire par des techniques de mise au sol directes et pr\u00e9cises. Lors de l\u2019\u00e9tude de cette \u00e9cole, les \u00e9tudiants peuvent mesurer l\u2019adaptation lors de conflits par saisies qui ne permettent pas la fuite.<\/p>\n<p style=\"text-align: justify;\"><a href=\"https:\/\/bujinkanpau.org\/wp-content\/uploads\/2015\/04\/Armes.15.jpg\"><img loading=\"lazy\" decoding=\"async\" class=\"  wp-image-440 aligncenter\" src=\"https:\/\/bujinkanpau.org\/wp-content\/uploads\/2015\/04\/Armes.15.jpg\" alt=\"Armes.15\" width=\"188\" height=\"150\" \/><\/a><\/p>\n<p style=\"text-align: justify;\">Les techniques de contr\u00f4le impitoyables de Takagi Yoshin Ry\u00fb sont souvent appr\u00e9ci\u00e9es par les professionnels de la s\u00e9curit\u00e9 car les Buke (samurai \u2013 Bushi) de cette tradition \u00e9taient souvent employ\u00e9s comme police, garde du corps ou en s\u00e9curit\u00e9 d\u2019un ch\u00e2teau.<\/p>\n<p style=\"text-align: justify;\">Cette \u00e9cole introduit aussi l\u2019adaptation de type lutte voir m\u00eame au sol.<\/p>\n<h1 style=\"text-align: justify;\">Shinden Fud\u00f4 Ry\u00fb Daken-Taijutsu<\/h1>\n<p style=\"text-align: justify;\">Cette \u00e9cole est l\u2019essence du mouvement naturel. Elle aborde le mouvement en sortant de tout formatage. Le pratiquant peut alors sortir de ces formes et protocoles, pour exprimer sa technique psycho-corporelle de fa\u00e7on libre et d\u00e9tach\u00e9e.<\/p>\n<p style=\"text-align: justify;\"><a href=\"https:\/\/bujinkanpau.org\/wp-content\/uploads\/2015\/04\/MainsN9.jpg\"><img loading=\"lazy\" decoding=\"async\" class=\"  wp-image-446 aligncenter\" src=\"https:\/\/bujinkanpau.org\/wp-content\/uploads\/2015\/04\/MainsN9-233x300.jpg\" alt=\"MainsN9\" width=\"118\" height=\"150\" \/><\/a><\/p>\n<p style=\"text-align: justify;\">Cette \u00e9cole aborde aussi le travail du sabre et des techniques orient\u00e9es sur le m\u00e9ditatif. Techniques fondamentales pour prendre contact avec sa nature, avec Soi.<\/p>\n<h1 style=\"text-align: justify;\">Gikan Ry\u00fb Kopp\u00f4 Jutsu<\/h1>\n<p style=\"text-align: justify;\">Cette \u00e9cole apporte tout comme Koto Ry\u00fb, une approche souple et dynamique de la gestion de la situation. A partir de maintenant, nous touchons ici des \u00e9coles qui privil\u00e9giaient \u00e0 priori la pratique spontan\u00e9e (puisque non ou peu codifi\u00e9e).<\/p>\n<p style=\"text-align: center;\"><strong><span style=\"color: #ff0000;\"> <a href=\"https:\/\/bujinkanpau.org\/wp-content\/uploads\/2026\/05\/gikan-ryu.png\"><img loading=\"lazy\" decoding=\"async\" class=\"alignnone size-medium wp-image-7609\" src=\"https:\/\/bujinkanpau.org\/wp-content\/uploads\/2026\/05\/gikan-ryu-300x218.png\" alt=\"\" width=\"300\" height=\"218\" srcset=\"https:\/\/bujinkanpau.org\/wp-content\/uploads\/2026\/05\/gikan-ryu-300x218.png 300w, https:\/\/bujinkanpau.org\/wp-content\/uploads\/2026\/05\/gikan-ryu.png 1016w\" sizes=\"auto, (max-width: 300px) 100vw, 300px\" \/><\/a><\/span><\/strong><\/p>\n<p style=\"text-align: justify;\">Le Gikan Ry\u00fb m\u00e8ne donc le pratiquant \u00e0 utiliser les jambes et les poings par des mouvements d\u2019absorption souples, dynamiques et spontan\u00e9s qui ouvrent des espaces de d\u00e9veloppement au travers du l\u00e2cher prise, du l\u00e2cher des formes impos\u00e9es.<\/p>\n<h1 style=\"text-align: justify;\">Gyokushin Ry\u00fb Ninjutsu<\/h1>\n<p style=\"text-align: justify;\">L\u2019\u00e9cole Gyokushin Ry\u00fb nous est parvenue avec peu de formes de combat, mais plus sous une sp\u00e9cialit\u00e9 du Ninjutsu. Le Ninjutsu qui trouve plusieurs possibilit\u00e9s de traductions dont on peut tirer quelques concepts philosophiques comme la discr\u00e9tion, l\u2019endurance ou la loi naturelle.<\/p>\n<p style=\"text-align: justify;\"><a href=\"https:\/\/bujinkanpau.org\/wp-content\/uploads\/2015\/04\/MainsN8.jpg\"><img loading=\"lazy\" decoding=\"async\" class=\"  wp-image-445 aligncenter\" src=\"https:\/\/bujinkanpau.org\/wp-content\/uploads\/2015\/04\/MainsN8.jpg\" alt=\"MainsN8\" width=\"151\" height=\"150\" srcset=\"https:\/\/bujinkanpau.org\/wp-content\/uploads\/2015\/04\/MainsN8.jpg 250w, https:\/\/bujinkanpau.org\/wp-content\/uploads\/2015\/04\/MainsN8-150x150.jpg 150w\" sizes=\"auto, (max-width: 151px) 100vw, 151px\" \/><\/a><\/p>\n<p style=\"text-align: justify;\">Variante du Gyokko Ryu en int\u00e9grant le concept de la loi naturelle telle qu\u2019on peut la trouver dans les \u00e9coles plus r\u00e9centes du Bujinkan, le Gyokushin permet \u00e0 l\u2019\u00e9tudiant de mettre en application les concepts qu\u2019il connait en y ajoutant des principes philosophiques fondamentaux tel que la notion de sutemi (absorption sacrifice, une possibilit\u00e9 de recevoir pour pouvoir donner).<\/p>\n<h1 style=\"text-align: justify;\">Kumogakure Ry\u00fb Ninjutsu<\/h1>\n<p style=\"text-align: justify;\">Kumogakure aborde le concept de se mouvoir en suivant l\u2019ombre des nuages. Cette \u00e9cole de Ninjutsu comme ses \u00e9coles \u00ab s\u0153urs \u00bb aborde les choses du combat et de la vie au travers de l\u2019\u00e9vitement, de la subtilit\u00e9, du positionnement juste et non conflictuel.<\/p>\n<p style=\"text-align: justify;\"><a href=\"https:\/\/bujinkanpau.org\/wp-content\/uploads\/2014\/01\/IMG_0674.jpg\"><img loading=\"lazy\" decoding=\"async\" class=\"  wp-image-260 aligncenter\" src=\"https:\/\/bujinkanpau.org\/wp-content\/uploads\/2014\/01\/IMG_0674-300x224.jpg\" alt=\"IMG_0674\" width=\"198\" height=\"150\" \/><\/a><\/p>\n<p style=\"text-align: justify;\">Le pratiquant de Ninjutsu ne cherche pas le conflit direct mais utilise la ruse, la subtilit\u00e9, la loi naturelle pour r\u00e9soudre une probl\u00e9matique. Il s\u2019adapte et \u00e9volue quel que soit son environnement, m\u00eame en pleine guerre.<\/p>\n<p style=\"text-align: justify;\">Il est subtil et tente de d\u00e9samorcer le conflit au lieu de l\u2019enflammer, il passe sa vie \u00e0 se d\u00e9placer en respectant les lois naturelles comme les nuages passent dans le ciel parfois ensoleill\u00e9 et parfois dans la temp\u00eate.<\/p>\n<h1 style=\"text-align: justify;\"><strong>D&rsquo;autres \u00e9coles&#8230;<\/strong><\/h1>\n<p style=\"text-align: justify;\">Hatsumi Sensei n&rsquo;h\u00e9site pas \u00e0 faire r\u00e9f\u00e9rence \u00e0 d&rsquo;autres syst\u00e8mes (d&rsquo;autres \u00e9coles) pour \u00e9toffer son discours et d\u00e9velopper notre culture martiale. Ainsi il nous arrive d&rsquo;aborder les choses de fa\u00e7ons diff\u00e9rentes par l&rsquo;\u00e9tude d&rsquo;autres syst\u00e8mes et\/ou par l&rsquo;\u00e9change avec d&rsquo;autres pratiquants d&rsquo;arts martiaux.<\/p>\n<p style=\"text-align: justify;\">Le Bujinkan Kamiyama D\u00f4j\u00f4 Pau fait partie -comme son nom l\u2019indique- de cette organisation. Le D\u00f4j\u00f4 est attach\u00e9 au Bujinkan D\u00f4j\u00f4 Japon et son enseignement d\u00e9coule donc directement du Japon, de l\u2019essence de l\u2019enseignement de Maitre Hatsumi Masaaki.<\/p>\n","protected":false},"excerpt":{"rendered":"<p>Il y a plusieurs ann\u00e9es maintenant, Hatsumi Masaaki Sensei a cr\u00e9\u00e9 l\u2019organisation \u00ab Bujinkan \u00bb qui regroupe l\u2019\u00e9tude de 9 Ry\u00fb Traditionnels Japonais, visant \u00e0 conduire les pratiquants vers une d\u00e9marche philosophique personnelle par les Arts Martiaux Japonais (Budo \u2013 Bujutsu). Cette \u00e9tude \u00e0 travers 9 styles particuliers, permet aux \u00e9l\u00e8ves de d\u00e9couvrir des \u00ab &hellip; <\/p>\n<p class=\"link-more\"><a href=\"https:\/\/bujinkanpau.org\/?page_id=45\" class=\"more-link\">Lire la suite de<span class=\"screen-reader-text\">\u00ab\u00a0Le Bujinkan\u00a0\u00bb<\/span><\/a><\/p>\n","protected":false},"author":2,"featured_media":0,"parent":16,"menu_order":0,"comment_status":"closed","ping_status":"closed","template":"","meta":{"inspiro_hide_title":false,"footnotes":""},"class_list":["post-45","page","type-page","status-publish","hentry"],"aioseo_notices":[],"featured_media_urls":[],"_links":{"self":[{"href":"https:\/\/bujinkanpau.org\/index.php?rest_route=\/wp\/v2\/pages\/45","targetHints":{"allow":["GET"]}}],"collection":[{"href":"https:\/\/bujinkanpau.org\/index.php?rest_route=\/wp\/v2\/pages"}],"about":[{"href":"https:\/\/bujinkanpau.org\/index.php?rest_route=\/wp\/v2\/types\/page"}],"author":[{"embeddable":true,"href":"https:\/\/bujinkanpau.org\/index.php?rest_route=\/wp\/v2\/users\/2"}],"replies":[{"embeddable":true,"href":"https:\/\/bujinkanpau.org\/index.php?rest_route=%2Fwp%2Fv2%2Fcomments&post=45"}],"version-history":[{"count":15,"href":"https:\/\/bujinkanpau.org\/index.php?rest_route=\/wp\/v2\/pages\/45\/revisions"}],"predecessor-version":[{"id":7611,"href":"https:\/\/bujinkanpau.org\/index.php?rest_route=\/wp\/v2\/pages\/45\/revisions\/7611"}],"up":[{"embeddable":true,"href":"https:\/\/bujinkanpau.org\/index.php?rest_route=\/wp\/v2\/pages\/16"}],"wp:attachment":[{"href":"https:\/\/bujinkanpau.org\/index.php?rest_route=%2Fwp%2Fv2%2Fmedia&parent=45"}],"curies":[{"name":"wp","href":"https:\/\/api.w.org\/{rel}","templated":true}]}}