{"id":41,"date":"2013-12-25T00:05:11","date_gmt":"2013-12-24T23:05:11","guid":{"rendered":"http:\/\/bujinkanpau.org\/?page_id=41"},"modified":"2018-07-08T13:34:22","modified_gmt":"2018-07-08T12:34:22","slug":"hatsumi-masaaki","status":"publish","type":"page","link":"https:\/\/bujinkanpau.org\/?page_id=41","title":{"rendered":"Hatsumi Masaaki"},"content":{"rendered":"<p align=\"left\"><a href=\"https:\/\/bujinkanpau.org\/wp-content\/uploads\/2013\/12\/bjp-hatsumi.jpg\"><img loading=\"lazy\" decoding=\"async\" class=\" wp-image-42 alignleft\" src=\"https:\/\/bujinkanpau.org\/wp-content\/uploads\/2013\/12\/bjp-hatsumi-300x175.jpg\" alt=\"bjp - hatsumi\" width=\"250\" height=\"150\" \/><\/a>Hatsumi Masaaki Soke est le fondateur de l&rsquo;organisation \u00ab\u00a0Bujinkan\u00a0\u00bb, qui regroupe\u00a0l&rsquo;enseignement des 9 styles dont il a h\u00e9rit\u00e9 le titre de Soke (h\u00e9ritier successeur).<\/p>\n<p style=\"text-align: justify;\">N\u00e9 le 2 D\u00e9cembre 1931, il vit et enseigne \u00e0 Noda, pr\u00e8s de Tokyo (Japon).<\/p>\n<p style=\"text-align: justify;\">Encyclop\u00e9die vivante du Budo japonais, Hatsumi Soke d\u00e9couvre le Ninjutsu aupr\u00e8s de son d\u00e9funt Ma\u00eetre Takatmatsu Toshitsugu, apr\u00e8s avoir obtenu de hauts grades dans diff\u00e9rents styles r\u00e9cents japonais comme le Karat\u00e9, le Judo ou l&rsquo;Aikido.<\/p>\n<p style=\"text-align: justify;\">Il fut \u00e0 la recherche d&rsquo;une approche plus ancienne et pouvant v\u00e9hiculer les concepts de combats et de philosophies que porte la civilisation asiatique. Il s&rsquo;est trouv\u00e9, c&rsquo;est \u00e9veill\u00e9 martialement et humainement \u00e0 travers la pratique du Ninp\u00f4 \/ Ninjutsu (qu&rsquo;il a appel\u00e9 aussi durant un moment Budo Taijutsu).<\/p>\n<p style=\"text-align: justify;\">Hatsumi Masaaki est l&rsquo;un des rares Maitres Japonais qui accepta d&rsquo;ouvrir son enseignement \u00e0 l&rsquo;occident, sans marquer de diff\u00e9rences entre les ethnies pr\u00e9sentes dans son D\u00f4j\u00f4.<\/p>\n<p style=\"text-align: justify;\"><a href=\"https:\/\/bujinkanpau.org\/wp-content\/uploads\/2015\/04\/hatsumi-2.jpg\"><img loading=\"lazy\" decoding=\"async\" class=\"  wp-image-442 aligncenter\" src=\"https:\/\/bujinkanpau.org\/wp-content\/uploads\/2015\/04\/hatsumi-2-300x298.jpg\" alt=\"hatsumi+2\" width=\"151\" height=\"150\" srcset=\"https:\/\/bujinkanpau.org\/wp-content\/uploads\/2015\/04\/hatsumi-2-300x298.jpg 300w, https:\/\/bujinkanpau.org\/wp-content\/uploads\/2015\/04\/hatsumi-2-150x150.jpg 150w, https:\/\/bujinkanpau.org\/wp-content\/uploads\/2015\/04\/hatsumi-2.jpg 425w\" sizes=\"auto, (max-width: 151px) 100vw, 151px\" \/><\/a><\/p>\n<p style=\"text-align: justify;\">D&rsquo;une efficacit\u00e9 redoutable, poss\u00e9dant une telle g\u00e9n\u00e9rosit\u00e9 et gentillesse, Hatsumi sensei nous ouvre les voies de la culture martiale, philosophique et spirituelle. A chaque intervention de sa part, une mutation s&rsquo;effectue et chacun grandit gr\u00e2ce de son discours plein de sagesse. C&rsquo;est un Homme d&rsquo;exemple que nous avons d\u00e9cid\u00e9 de suivre au D\u00f4j\u00f4 de Pau.<\/p>\n","protected":false},"excerpt":{"rendered":"<p>Hatsumi Masaaki Soke est le fondateur de l&rsquo;organisation \u00ab\u00a0Bujinkan\u00a0\u00bb, qui regroupe\u00a0l&rsquo;enseignement des 9 styles dont il a h\u00e9rit\u00e9 le titre de Soke (h\u00e9ritier successeur). N\u00e9 le 2 D\u00e9cembre 1931, il vit et enseigne \u00e0 Noda, pr\u00e8s de Tokyo (Japon). Encyclop\u00e9die vivante du Budo japonais, Hatsumi Soke d\u00e9couvre le Ninjutsu aupr\u00e8s de son d\u00e9funt Ma\u00eetre Takatmatsu &hellip; <\/p>\n<p class=\"link-more\"><a href=\"https:\/\/bujinkanpau.org\/?page_id=41\" class=\"more-link\">Lire la suite de<span class=\"screen-reader-text\">\u00ab\u00a0Hatsumi Masaaki\u00a0\u00bb<\/span><\/a><\/p>\n","protected":false},"author":2,"featured_media":0,"parent":16,"menu_order":0,"comment_status":"closed","ping_status":"closed","template":"","meta":{"inspiro_hide_title":false,"footnotes":""},"class_list":["post-41","page","type-page","status-publish","hentry"],"aioseo_notices":[],"featured_media_urls":[],"_links":{"self":[{"href":"https:\/\/bujinkanpau.org\/index.php?rest_route=\/wp\/v2\/pages\/41","targetHints":{"allow":["GET"]}}],"collection":[{"href":"https:\/\/bujinkanpau.org\/index.php?rest_route=\/wp\/v2\/pages"}],"about":[{"href":"https:\/\/bujinkanpau.org\/index.php?rest_route=\/wp\/v2\/types\/page"}],"author":[{"embeddable":true,"href":"https:\/\/bujinkanpau.org\/index.php?rest_route=\/wp\/v2\/users\/2"}],"replies":[{"embeddable":true,"href":"https:\/\/bujinkanpau.org\/index.php?rest_route=%2Fwp%2Fv2%2Fcomments&post=41"}],"version-history":[{"count":10,"href":"https:\/\/bujinkanpau.org\/index.php?rest_route=\/wp\/v2\/pages\/41\/revisions"}],"predecessor-version":[{"id":693,"href":"https:\/\/bujinkanpau.org\/index.php?rest_route=\/wp\/v2\/pages\/41\/revisions\/693"}],"up":[{"embeddable":true,"href":"https:\/\/bujinkanpau.org\/index.php?rest_route=\/wp\/v2\/pages\/16"}],"wp:attachment":[{"href":"https:\/\/bujinkanpau.org\/index.php?rest_route=%2Fwp%2Fv2%2Fmedia&parent=41"}],"curies":[{"name":"wp","href":"https:\/\/api.w.org\/{rel}","templated":true}]}}