{"id":23,"date":"2013-12-24T23:24:50","date_gmt":"2013-12-24T22:24:50","guid":{"rendered":"http:\/\/bujinkanpau.org\/?page_id=23"},"modified":"2026-05-10T16:02:25","modified_gmt":"2026-05-10T14:02:25","slug":"lassociation","status":"publish","type":"page","link":"https:\/\/bujinkanpau.org\/?page_id=23","title":{"rendered":"L&rsquo;association"},"content":{"rendered":"<h2>L&rsquo;association Bujinkan Kamiyama D\u00f4j\u00f4 Pau<\/h2>\n<p style=\"text-align: justify;\">Notre association est une association loi 1901. Celle-ci fonctionne avec un pr\u00e9sident, un tr\u00e9sorier et un secr\u00e9taire \u00e9lu chaque ann\u00e9e. Le ou les instructeurs qui donnent les cours sont b\u00e9n\u00e9voles. L&rsquo;association est une grande famille qui reste ouverte \u00e0 tous pratiquants et pratiquantes sinc\u00e8res et sympathiques. L&rsquo;esprit de groupe y est tr\u00e8s pr\u00e9sent et cela permet d&rsquo;y vivre de bons moments entre nous. Cet esprit nous permet, ainsi, d&rsquo;organiser des sorties et activit\u00e9s diverses qui se d\u00e9roulent dans la bonne humeur.<\/p>\n<h2>Inscription \u00e0 l&rsquo;association<\/h2>\n<p>Vous pouvez venir faire un essai durant une semaine. Suite \u00e0 cet essai, si vous souhaitez participer aux activit\u00e9s de l&rsquo;association (cours, sorties, restaurants, etc.) vous devrez y adh\u00e9rer en payant une cotisation annuelle. Cette cotisation est fix\u00e9e par le Conseil d&rsquo;Administration chaque ann\u00e9e lors de l&rsquo;Assembl\u00e9e G\u00e9n\u00e9rale.<\/p>\n<p>Les cours sont accessibles \u00e0 partir de 15 ans<\/p>\n<p>Les tarifs de l&rsquo;association sont les suivants :<\/p>\n<ul>\n<li style=\"text-align: justify;\"><span style=\"color: #ff0000;\"><strong>Cours de Ninjutsu<\/strong><\/span> &#8211; acc\u00e8s au mardi soir, mercredi soir, vendredi soir : 250\u20ac l&rsquo;ann\u00e9e (ouvert durant les vacances, sauf le d\u00f4jo des arts)<\/li>\n<li style=\"text-align: center;\"><span style=\"color: #ff0000;\"><strong>Cours de Ninjutsu + Qi Gong<\/strong><\/span> (avec la coop\u00e9ration de l\u2019association \u00ab Tian He Yuan \u00bb) &#8211; acc\u00e8s mardi soir, mercredi soir, jeudi soir et vendredi soir &#8211; : 350\u20ac l&rsquo;ann\u00e9e (ouvert durant les vacances, sauf le d\u00f4jo des arts)<\/li>\n<\/ul>\n\n\n<div class=\"wp-block-buttons is-content-justification-center is-layout-flex wp-container-core-buttons-is-layout-a89b3969 wp-block-buttons-is-layout-flex\">\n<div class=\"wp-block-button\"><a class=\"wp-block-button__link wp-element-button\">INSCRIPTION<\/a><\/div>\n\n\n\n<div class=\"wp-block-button\"><a class=\"wp-block-button__link wp-element-button\" href=\"https:\/\/bujinkanpau.org\/?page_id=6916\">COURS D&rsquo;ESSAI<\/a><\/div>\n<\/div>\n\n\n\n<div style=\"height:100px\" aria-hidden=\"true\" class=\"wp-block-spacer\"><\/div>\n\n\n\n<p><\/p>\n","protected":false},"excerpt":{"rendered":"<p>L&rsquo;association Bujinkan Kamiyama D\u00f4j\u00f4 Pau Notre association est une association loi 1901. Celle-ci fonctionne avec un pr\u00e9sident, un tr\u00e9sorier et un secr\u00e9taire \u00e9lu chaque ann\u00e9e. Le ou les instructeurs qui donnent les cours sont b\u00e9n\u00e9voles. L&rsquo;association est une grande famille qui reste ouverte \u00e0 tous pratiquants et pratiquantes sinc\u00e8res et sympathiques. L&rsquo;esprit de groupe y &hellip; <\/p>\n<p class=\"link-more\"><a href=\"https:\/\/bujinkanpau.org\/?page_id=23\" class=\"more-link\">Lire la suite de<span class=\"screen-reader-text\">\u00ab\u00a0L&rsquo;association\u00a0\u00bb<\/span><\/a><\/p>\n","protected":false},"author":2,"featured_media":0,"parent":0,"menu_order":0,"comment_status":"closed","ping_status":"closed","template":"","meta":{"inspiro_hide_title":false,"footnotes":""},"class_list":["post-23","page","type-page","status-publish","hentry"],"aioseo_notices":[],"featured_media_urls":[],"_links":{"self":[{"href":"https:\/\/bujinkanpau.org\/index.php?rest_route=\/wp\/v2\/pages\/23","targetHints":{"allow":["GET"]}}],"collection":[{"href":"https:\/\/bujinkanpau.org\/index.php?rest_route=\/wp\/v2\/pages"}],"about":[{"href":"https:\/\/bujinkanpau.org\/index.php?rest_route=\/wp\/v2\/types\/page"}],"author":[{"embeddable":true,"href":"https:\/\/bujinkanpau.org\/index.php?rest_route=\/wp\/v2\/users\/2"}],"replies":[{"embeddable":true,"href":"https:\/\/bujinkanpau.org\/index.php?rest_route=%2Fwp%2Fv2%2Fcomments&post=23"}],"version-history":[{"count":26,"href":"https:\/\/bujinkanpau.org\/index.php?rest_route=\/wp\/v2\/pages\/23\/revisions"}],"predecessor-version":[{"id":7620,"href":"https:\/\/bujinkanpau.org\/index.php?rest_route=\/wp\/v2\/pages\/23\/revisions\/7620"}],"wp:attachment":[{"href":"https:\/\/bujinkanpau.org\/index.php?rest_route=%2Fwp%2Fv2%2Fmedia&parent=23"}],"curies":[{"name":"wp","href":"https:\/\/api.w.org\/{rel}","templated":true}]}}