{"id":197,"date":"2014-01-05T12:33:38","date_gmt":"2014-01-05T11:33:38","guid":{"rendered":"http:\/\/bujinkanpau.org\/?page_id=197"},"modified":"2026-05-09T12:05:00","modified_gmt":"2026-05-09T10:05:00","slug":"quest-ce-quun-cours","status":"publish","type":"page","link":"https:\/\/bujinkanpau.org\/?page_id=197","title":{"rendered":"Qu&rsquo;est ce qu&rsquo;un cours ?"},"content":{"rendered":"\n<figure class=\"wp-block-image alignleft size-large is-resized\"><a href=\"https:\/\/bujinkanpau.org\/wp-content\/uploads\/2026\/01\/IMG_3251-e1769791194603.jpeg\"><img loading=\"lazy\" decoding=\"async\" width=\"1024\" height=\"895\" src=\"https:\/\/bujinkanpau.org\/wp-content\/uploads\/2026\/01\/IMG_3251-e1769791194603-1024x895.jpeg\" alt=\"\" class=\"wp-image-7100\" style=\"width:265px;height:auto\" srcset=\"https:\/\/bujinkanpau.org\/wp-content\/uploads\/2026\/01\/IMG_3251-e1769791194603-1024x895.jpeg 1024w, https:\/\/bujinkanpau.org\/wp-content\/uploads\/2026\/01\/IMG_3251-e1769791194603-300x262.jpeg 300w, https:\/\/bujinkanpau.org\/wp-content\/uploads\/2026\/01\/IMG_3251-e1769791194603-768x671.jpeg 768w, https:\/\/bujinkanpau.org\/wp-content\/uploads\/2026\/01\/IMG_3251-e1769791194603-600x524.jpeg 600w, https:\/\/bujinkanpau.org\/wp-content\/uploads\/2026\/01\/IMG_3251-e1769791194603-1200x1049.jpeg 1200w, https:\/\/bujinkanpau.org\/wp-content\/uploads\/2026\/01\/IMG_3251-e1769791194603.jpeg 1270w\" sizes=\"auto, (max-width: 1024px) 100vw, 1024px\" \/><\/a><\/figure>\n\n\n\n<p>Pratiquer le Ninjutsu, c\u2019est entrer dans un groupe de recherche aussi bien martial que personnel. Lorsque vous venez pratiquer le Ninjutsu, vous trouvez en priorit\u00e9 un groupe de personnes sympathiques et ouvertes. Les d\u00e9butants comme les exp\u00e9riment\u00e9s s\u2019entrainent ensemble selon le principe de Kohai (Celui qui est arriv\u00e9 apr\u00e8s) \/ Sempai (celui qui est arriv\u00e9 avant). Autrement dit, celui qui est arriv\u00e9 avant doit aider le nouveau, et le nouveau doit aider l\u2019ancien.<\/p>\n\n\n\n<figure class=\"wp-block-image alignright size-large is-resized\"><a href=\"https:\/\/bujinkanpau.org\/wp-content\/uploads\/2026\/02\/85a46788-7019-4bed-bac6-f9a367d6359d.jpeg\"><img loading=\"lazy\" decoding=\"async\" width=\"1024\" height=\"768\" src=\"https:\/\/bujinkanpau.org\/wp-content\/uploads\/2026\/02\/85a46788-7019-4bed-bac6-f9a367d6359d-1024x768.jpeg\" alt=\"\" class=\"wp-image-7152\" style=\"width:315px;height:auto\" srcset=\"https:\/\/bujinkanpau.org\/wp-content\/uploads\/2026\/02\/85a46788-7019-4bed-bac6-f9a367d6359d-1024x768.jpeg 1024w, https:\/\/bujinkanpau.org\/wp-content\/uploads\/2026\/02\/85a46788-7019-4bed-bac6-f9a367d6359d-300x225.jpeg 300w, https:\/\/bujinkanpau.org\/wp-content\/uploads\/2026\/02\/85a46788-7019-4bed-bac6-f9a367d6359d.jpeg 2000w\" sizes=\"auto, (max-width: 1024px) 100vw, 1024px\" \/><\/a><\/figure>\n\n\n\n<p><\/p>\n\n\n\n<p><\/p>\n\n\n\n<p><\/p>\n\n\n\n<p>Les cours sont rythm\u00e9s par le changement. Nous changeons tout le temps d\u2019exercices, de techniques, de principes, de partenaires et de modules. En effet c\u2019est par la multiplicit\u00e9 que l\u2019on arrive \u00e0 cr\u00e9er des individus qui peuvent s\u2019adapter, ceci gr\u00e2ce \u00e0 une gymnastique mentale et corporelle en constante remise en question.<\/p>\n\n\n\n<p><\/p>\n\n\n\n<p><\/p>\n\n\n\n<p>Est-ce difficile ? Pas vraiment. Que l\u2019on y arrive ou non, c\u2019est le fait de \u00ab faire \u00bb qui compte. Chacun pratique dans la bonne humeur et \u00e9volue sans m\u00eame s\u2019en apercevoir !<\/p>\n\n\n\n<figure class=\"wp-block-image alignleft size-large is-resized\"><a href=\"https:\/\/bujinkanpau.org\/wp-content\/uploads\/2026\/05\/IMG_5055-scaled.jpeg\"><img loading=\"lazy\" decoding=\"async\" width=\"768\" height=\"1024\" src=\"https:\/\/bujinkanpau.org\/wp-content\/uploads\/2026\/05\/IMG_5055-768x1024.jpeg\" alt=\"\" class=\"wp-image-7509\" style=\"width:226px;height:auto\" srcset=\"https:\/\/bujinkanpau.org\/wp-content\/uploads\/2026\/05\/IMG_5055-768x1024.jpeg 768w, https:\/\/bujinkanpau.org\/wp-content\/uploads\/2026\/05\/IMG_5055-225x300.jpeg 225w, https:\/\/bujinkanpau.org\/wp-content\/uploads\/2026\/05\/IMG_5055-2000x2667.jpeg 2000w, https:\/\/bujinkanpau.org\/wp-content\/uploads\/2026\/05\/IMG_5055-scaled.jpeg 1920w\" sizes=\"auto, (max-width: 768px) 100vw, 768px\" \/><\/a><\/figure>\n\n\n\n<p><\/p>\n\n\n\n<p><\/p>\n\n\n\n<p>Au Ninjutsu vous pratiquerez diff\u00e9rentes formes de combat en respectant votre partenaire, qui vous permet d\u2019\u00e9voluer. Que l\u2019on r\u00e9ussisse sa technique, ou non, peu importe\u2026 on \u00e9volue.<\/p>\n\n\n\n<p>La composition du cours suit, tout de m\u00eame, quelques r\u00e8gles. Vous pratiquerez un \u00e9chauffement (pour \u00e9viter les blessures et se construire le corps) puis c\u2019est l\u2019art du d\u00e9placement qui sera mis en valeur (Roulade, franchissement d\u2019obstacles, etc\u2026)<\/p>\n\n\n\n<p><\/p>\n\n\n\n<p><\/p>\n\n\n\n<p><\/p>\n\n\n\n<p><\/p>\n\n\n\n<figure class=\"wp-block-image alignright size-large is-resized\"><a href=\"https:\/\/bujinkanpau.org\/wp-content\/uploads\/2026\/05\/IMG_5790-scaled.jpeg\"><img loading=\"lazy\" decoding=\"async\" width=\"1024\" height=\"768\" src=\"https:\/\/bujinkanpau.org\/wp-content\/uploads\/2026\/05\/IMG_5790-1024x768.jpeg\" alt=\"\" class=\"wp-image-7394\" style=\"width:331px;height:auto\" srcset=\"https:\/\/bujinkanpau.org\/wp-content\/uploads\/2026\/05\/IMG_5790-1024x768.jpeg 1024w, https:\/\/bujinkanpau.org\/wp-content\/uploads\/2026\/05\/IMG_5790-300x225.jpeg 300w, https:\/\/bujinkanpau.org\/wp-content\/uploads\/2026\/05\/IMG_5790-2000x1500.jpeg 2000w\" sizes=\"auto, (max-width: 1024px) 100vw, 1024px\" \/><\/a><\/figure>\n\n\n\n<p>S\u2019en suit une \u00e9tude de la partie \u00ab Taijutsu \u00bb qui enseigne, \u00e0 travers des formes de combat avec ou sans armes, de nombreux principes (aussi bien physique que mentaux). On apprend, en majorit\u00e9, \u00e0 interagir avec autrui par la r\u00e9ception et l\u2019absorption fluide plut\u00f4t que par l\u2019opposition des forces. Nous finissons en appliquant des techniques de Junan Taiso (assouplissements) ou de m\u00e9ditation plus immobile (Seishin Teki Kyoyo) pour \u00eatre en relaxation mentale et physique.<\/p>\n\n\n\n<p>Chaque cours trouve son lot de r\u00e9ussites et d\u2019\u00e9checs, mais bien que le chemin soit long, la plupart des pratiquants trouve dans cette \u00e9tude une fen\u00eatre ouverte vers l\u2019harmonie.<\/p>\n\n\n\n<p>&nbsp;<\/p>\n","protected":false},"excerpt":{"rendered":"<p>Pratiquer le Ninjutsu, c\u2019est entrer dans un groupe de recherche aussi bien martial que personnel. Lorsque vous venez pratiquer le Ninjutsu, vous trouvez en priorit\u00e9 un groupe de personnes sympathiques et ouvertes. Les d\u00e9butants comme les exp\u00e9riment\u00e9s s\u2019entrainent ensemble selon le principe de Kohai (Celui qui est arriv\u00e9 apr\u00e8s) \/ Sempai (celui qui est arriv\u00e9 &hellip; <\/p>\n<p class=\"link-more\"><a href=\"https:\/\/bujinkanpau.org\/?page_id=197\" class=\"more-link\">Lire la suite de<span class=\"screen-reader-text\">\u00ab\u00a0Qu&rsquo;est ce qu&rsquo;un cours ?\u00a0\u00bb<\/span><\/a><\/p>\n","protected":false},"author":2,"featured_media":0,"parent":36,"menu_order":0,"comment_status":"closed","ping_status":"closed","template":"","meta":{"inspiro_hide_title":false,"footnotes":""},"class_list":["post-197","page","type-page","status-publish","hentry"],"aioseo_notices":[],"featured_media_urls":[],"_links":{"self":[{"href":"https:\/\/bujinkanpau.org\/index.php?rest_route=\/wp\/v2\/pages\/197","targetHints":{"allow":["GET"]}}],"collection":[{"href":"https:\/\/bujinkanpau.org\/index.php?rest_route=\/wp\/v2\/pages"}],"about":[{"href":"https:\/\/bujinkanpau.org\/index.php?rest_route=\/wp\/v2\/types\/page"}],"author":[{"embeddable":true,"href":"https:\/\/bujinkanpau.org\/index.php?rest_route=\/wp\/v2\/users\/2"}],"replies":[{"embeddable":true,"href":"https:\/\/bujinkanpau.org\/index.php?rest_route=%2Fwp%2Fv2%2Fcomments&post=197"}],"version-history":[{"count":14,"href":"https:\/\/bujinkanpau.org\/index.php?rest_route=\/wp\/v2\/pages\/197\/revisions"}],"predecessor-version":[{"id":7565,"href":"https:\/\/bujinkanpau.org\/index.php?rest_route=\/wp\/v2\/pages\/197\/revisions\/7565"}],"up":[{"embeddable":true,"href":"https:\/\/bujinkanpau.org\/index.php?rest_route=\/wp\/v2\/pages\/36"}],"wp:attachment":[{"href":"https:\/\/bujinkanpau.org\/index.php?rest_route=%2Fwp%2Fv2%2Fmedia&parent=197"}],"curies":[{"name":"wp","href":"https:\/\/api.w.org\/{rel}","templated":true}]}}