{"id":194,"date":"2014-01-05T12:15:31","date_gmt":"2014-01-05T11:15:31","guid":{"rendered":"http:\/\/bujinkanpau.org\/?page_id=194"},"modified":"2018-07-08T13:37:18","modified_gmt":"2018-07-08T12:37:18","slug":"taihen-jutsu","status":"publish","type":"page","link":"https:\/\/bujinkanpau.org\/?page_id=194","title":{"rendered":"Taihen Jutsu"},"content":{"rendered":"<p style=\"text-align: justify;\">Le Ninjutsu comprend aussi un module qui permet au pratiquant de d\u00e9velopper la conscience de son corps dans l&rsquo;espace. En effet, le Taihen Jutsu (ou art du d\u00e9placement) contient une s\u00e9rie de mouvements pour apprendre \u00e0 se r\u00e9ceptionner au sol, \u00e0 franchir des obstacles, \u00e0 monter les murs, \u00e0 effectuer des mouvements acrobatiques, etc&#8230;<\/p>\n<p style=\"text-align: justify;\"><a href=\"https:\/\/bujinkanpau.org\/wp-content\/uploads\/2014\/01\/IMG_0123.jpg\"><img loading=\"lazy\" decoding=\"async\" class=\"  wp-image-313 aligncenter\" src=\"https:\/\/bujinkanpau.org\/wp-content\/uploads\/2014\/01\/IMG_0123.jpg\" alt=\"IMG_0123\" width=\"197\" height=\"150\" \/><\/a><\/p>\n<p style=\"text-align: justify;\">Afin de vaincre sa peur de la chute ou des pertes de rep\u00e8res (comme lorsqu&rsquo;on a la t\u00eate en bas), chaque pratiquant peut \u00e9voluer dans sa conscience de l&rsquo;espace. Non plus juste avec les postures comme les kamae, mais aussi en mouvement au travers du franchissement d&rsquo;obstacles.<\/p>\n<p style=\"text-align: justify;\">Chacun choisit -bien sur- jusqu&rsquo;o\u00f9 il souhaite aller dans cette pratique, sans prendre de risques inconsid\u00e9r\u00e9s pour sa sant\u00e9.<\/p>\n<p style=\"text-align: justify;\">Ce module comprend diff\u00e9rents mouvements, de la plus simple descente au sol jusqu&rsquo;au franchissement d&rsquo;obstacles complexes (hauts ou profonds).<\/p>\n<p style=\"text-align: justify;\"><a href=\"https:\/\/bujinkanpau.org\/wp-content\/uploads\/2014\/01\/IMG_0128.jpg\"><img loading=\"lazy\" decoding=\"async\" class=\"  wp-image-317 aligncenter\" src=\"https:\/\/bujinkanpau.org\/wp-content\/uploads\/2014\/01\/IMG_0128.jpg\" alt=\"IMG_0128\" width=\"198\" height=\"150\" \/><\/a><\/p>\n","protected":false},"excerpt":{"rendered":"<p>Le Ninjutsu comprend aussi un module qui permet au pratiquant de d\u00e9velopper la conscience de son corps dans l&rsquo;espace. En effet, le Taihen Jutsu (ou art du d\u00e9placement) contient une s\u00e9rie de mouvements pour apprendre \u00e0 se r\u00e9ceptionner au sol, \u00e0 franchir des obstacles, \u00e0 monter les murs, \u00e0 effectuer des mouvements acrobatiques, etc&#8230; Afin &hellip; <\/p>\n<p class=\"link-more\"><a href=\"https:\/\/bujinkanpau.org\/?page_id=194\" class=\"more-link\">Lire la suite de<span class=\"screen-reader-text\">\u00ab\u00a0Taihen Jutsu\u00a0\u00bb<\/span><\/a><\/p>\n","protected":false},"author":2,"featured_media":0,"parent":16,"menu_order":0,"comment_status":"closed","ping_status":"closed","template":"","meta":{"inspiro_hide_title":false,"footnotes":""},"class_list":["post-194","page","type-page","status-publish","hentry"],"aioseo_notices":[],"featured_media_urls":[],"_links":{"self":[{"href":"https:\/\/bujinkanpau.org\/index.php?rest_route=\/wp\/v2\/pages\/194","targetHints":{"allow":["GET"]}}],"collection":[{"href":"https:\/\/bujinkanpau.org\/index.php?rest_route=\/wp\/v2\/pages"}],"about":[{"href":"https:\/\/bujinkanpau.org\/index.php?rest_route=\/wp\/v2\/types\/page"}],"author":[{"embeddable":true,"href":"https:\/\/bujinkanpau.org\/index.php?rest_route=\/wp\/v2\/users\/2"}],"replies":[{"embeddable":true,"href":"https:\/\/bujinkanpau.org\/index.php?rest_route=%2Fwp%2Fv2%2Fcomments&post=194"}],"version-history":[{"count":6,"href":"https:\/\/bujinkanpau.org\/index.php?rest_route=\/wp\/v2\/pages\/194\/revisions"}],"predecessor-version":[{"id":697,"href":"https:\/\/bujinkanpau.org\/index.php?rest_route=\/wp\/v2\/pages\/194\/revisions\/697"}],"up":[{"embeddable":true,"href":"https:\/\/bujinkanpau.org\/index.php?rest_route=\/wp\/v2\/pages\/16"}],"wp:attachment":[{"href":"https:\/\/bujinkanpau.org\/index.php?rest_route=%2Fwp%2Fv2%2Fmedia&parent=194"}],"curies":[{"name":"wp","href":"https:\/\/api.w.org\/{rel}","templated":true}]}}