{"id":128,"date":"2014-01-03T20:37:55","date_gmt":"2014-01-03T19:37:55","guid":{"rendered":"http:\/\/bujinkanpau.org\/?page_id=128"},"modified":"2026-05-09T23:10:03","modified_gmt":"2026-05-09T21:10:03","slug":"les-enseignants","status":"publish","type":"page","link":"https:\/\/bujinkanpau.org\/?page_id=128","title":{"rendered":"Les Instructeurs"},"content":{"rendered":"<h2 style=\"text-align: center;\">David Avet Shidoshi (Traduire :\u00a0\u00bbQui guide sur la Voie\u00a0\u00bb), Instructeur<\/h2>\n<h4 style=\"text-align: center;\"><a href=\"https:\/\/bujinkanpau.org\/wp-content\/uploads\/2014\/01\/david1-copie.jpg\"><img loading=\"lazy\" decoding=\"async\" class=\"size-full wp-image-488 alignleft\" src=\"https:\/\/bujinkanpau.org\/wp-content\/uploads\/2014\/01\/david1-copie.jpg\" alt=\"\" width=\"128\" height=\"142\" \/><\/a><strong>Ninjutsu\/Ninp\u00f4 Taijutsu\/Budo Taijutsu<\/strong><\/h4>\n<p>Actuellement Shidoshi 10\u00e8me Dan Japon, je pratique depuis plus de 15 ans le Ninjutsu (avec deux\u00a0s\u00e9jours au Japon). Form\u00e9 jusqu&rsquo;au grade de Godan par Christophe Batilliot Shihan 15\u00e8me Dan Japon, instructeur de Lille (59).<\/p>\n<h4 style=\"text-align: center;\"><strong>Arts Martiaux<\/strong><\/h4>\n<p><img loading=\"lazy\" decoding=\"async\" class=\"alignleft\" src=\"https:\/\/bujinkanpau.org\/wp-content\/uploads\/2014\/01\/david-hastre.jpg\" alt=\"OLYMPUS DIGITAL CAMERA\" width=\"150\" height=\"161\" \/>Pratique les Arts martiaux depuis plus de 30 ans avec des p\u00e9riodes d\u2019\u00e9tudes de diff\u00e9rents styles tels que le Karat\u00e9 Kyokushinka\u00ef 6 ans, la Boxe Tha\u00eflandaise 2 ans, le Kempo 2 ans, Nihon Taijutsu 2 ans, l\u2019escrime classique 2 ans et m\u00e9di\u00e9vale 5 ans. \u00c9change tr\u00e8s souvent avec divers styles pour garder une capacit\u00e9 d\u2019adaptation martiale.<\/p>\n<p>Aussi form\u00e9 en Wudang Taichi Chuan avec Charles-Henry Belmonte [ajouter description].<\/p>\n<h4 style=\"text-align: center;\"><strong>S\u00e9curit\u00e9 \/ Self d\u00e9fense<\/strong><\/h4>\n<p>Dipl\u00f4m\u00e9 en centre de formation aux techniques de garde du corps \/ s\u00e9curit\u00e9, Ancien intervenant occasionnel en protection, s\u00e9curit\u00e9 et formation en self d\u00e9fense.<\/p>\n<p><img loading=\"lazy\" decoding=\"async\" class=\"  wp-image-279 alignnone\" src=\"https:\/\/bujinkanpau.org\/wp-content\/uploads\/2014\/01\/SDC11071-300x225.jpg\" alt=\"VLUU L210  \/ Samsung L210\" width=\"184\" height=\"138\" srcset=\"https:\/\/bujinkanpau.org\/wp-content\/uploads\/2014\/01\/SDC11071-300x225.jpg 300w, https:\/\/bujinkanpau.org\/wp-content\/uploads\/2014\/01\/SDC11071-1024x768.jpg 1024w, https:\/\/bujinkanpau.org\/wp-content\/uploads\/2014\/01\/SDC11071-624x468.jpg 624w\" sizes=\"auto, (max-width: 184px) 100vw, 184px\" \/><img loading=\"lazy\" decoding=\"async\" class=\" alignnone\" src=\"https:\/\/bujinkanpau.org\/wp-content\/uploads\/2014\/01\/IMG_0532-300x224.jpg\" alt=\"IMG_0532\" width=\"186\" height=\"139\" \/><img loading=\"lazy\" decoding=\"async\" class=\"  wp-image-278 alignnone\" src=\"https:\/\/bujinkanpau.org\/wp-content\/uploads\/2014\/01\/SDC11068-300x225.jpg\" alt=\"VLUU L210  \/ Samsung L210\" width=\"182\" height=\"137\" srcset=\"https:\/\/bujinkanpau.org\/wp-content\/uploads\/2014\/01\/SDC11068-300x225.jpg 300w, https:\/\/bujinkanpau.org\/wp-content\/uploads\/2014\/01\/SDC11068-1024x768.jpg 1024w, https:\/\/bujinkanpau.org\/wp-content\/uploads\/2014\/01\/SDC11068-624x468.jpg 624w\" sizes=\"auto, (max-width: 182px) 100vw, 182px\" \/><img loading=\"lazy\" decoding=\"async\" class=\"  wp-image-261 alignnone\" src=\"https:\/\/bujinkanpau.org\/wp-content\/uploads\/2014\/01\/IMG_0049-300x224.jpg\" alt=\"IMG_0049\" width=\"186\" height=\"139\" srcset=\"https:\/\/bujinkanpau.org\/wp-content\/uploads\/2014\/01\/IMG_0049-300x224.jpg 300w, https:\/\/bujinkanpau.org\/wp-content\/uploads\/2014\/01\/IMG_0049-1024x764.jpg 1024w, https:\/\/bujinkanpau.org\/wp-content\/uploads\/2014\/01\/IMG_0049-624x466.jpg 624w, https:\/\/bujinkanpau.org\/wp-content\/uploads\/2014\/01\/IMG_0049-1536x1147.jpg 1536w, https:\/\/bujinkanpau.org\/wp-content\/uploads\/2014\/01\/IMG_0049-2048x1530.jpg 2048w, https:\/\/bujinkanpau.org\/wp-content\/uploads\/2014\/01\/IMG_0049-2000x1494.jpg 2000w, https:\/\/bujinkanpau.org\/wp-content\/uploads\/2014\/01\/IMG_0049-600x448.jpg 600w, https:\/\/bujinkanpau.org\/wp-content\/uploads\/2014\/01\/IMG_0049-1200x896.jpg 1200w\" sizes=\"auto, (max-width: 186px) 100vw, 186px\" \/><img loading=\"lazy\" decoding=\"async\" class=\" alignnone\" src=\"https:\/\/bujinkanpau.org\/wp-content\/uploads\/2014\/01\/SDC11067-300x225.jpg\" alt=\"VLUU L210  \/ Samsung L210\" width=\"186\" height=\"140\" \/><img loading=\"lazy\" decoding=\"async\" class=\"  wp-image-273 alignnone\" src=\"https:\/\/bujinkanpau.org\/wp-content\/uploads\/2014\/01\/IMG_0066-300x200.jpg\" alt=\"IMG_0066\" width=\"210\" height=\"140\" srcset=\"https:\/\/bujinkanpau.org\/wp-content\/uploads\/2014\/01\/IMG_0066-300x200.jpg 300w, https:\/\/bujinkanpau.org\/wp-content\/uploads\/2014\/01\/IMG_0066-624x415.jpg 624w, https:\/\/bujinkanpau.org\/wp-content\/uploads\/2014\/01\/IMG_0066.jpg 990w\" sizes=\"auto, (max-width: 210px) 100vw, 210px\" \/><\/p>\n<h1>\u00a0<\/h1>\n<h2 style=\"text-align: center;\">Andr\u00e9 DAVID \u00a0(Shidoshi H\u00f4\/Assistant instructeur)<\/h2>\n<p><img loading=\"lazy\" decoding=\"async\" class=\" alignleft\" src=\"https:\/\/bujinkanpau.org\/wp-content\/uploads\/2014\/01\/IMG_0114.jpg\" alt=\"IMG_0114\" width=\"230\" height=\"173\" \/><\/p>\n<p>Pratiquant et responsable du cours du Mardi soir \u00e0 Idron.<\/p>\n<p>Actuellement Shidoshi H\u00f4, Nidan (2\u00e8me Dan japon)<\/p>\n<p>Andr\u00e9 pratique le Ninjutsu au D\u00f4j\u00f4 depuis 18 ans. Il permet par son c\u0153ur g\u00e9n\u00e9reux et son d\u00e9vouement (Kokoro no Bushi) d\u2019assurer aux pratiquants un accompagnement r\u00e9gulier dans leur pratique.<\/p>\n\n\n<p><\/p>\n\n\n\n<h2 class=\"wp-block-heading has-text-align-center\">Th\u00e9o de S\u00e8ze (Shidoshi-h\u00f4\/Assistant instructeur)<\/h2>\n\n\n\n<div class=\"wp-block-media-text is-stacked-on-mobile\" style=\"grid-template-columns:21% auto\"><figure class=\"wp-block-media-text__media\"><img loading=\"lazy\" decoding=\"async\" width=\"1024\" height=\"768\" src=\"https:\/\/bujinkanpau.org\/wp-content\/uploads\/2026\/02\/eaf1cd60-8bc3-4ca0-b4d7-b4881b01584d-1024x768.jpeg\" alt=\"\" class=\"wp-image-7151 size-full\" srcset=\"https:\/\/bujinkanpau.org\/wp-content\/uploads\/2026\/02\/eaf1cd60-8bc3-4ca0-b4d7-b4881b01584d-1024x768.jpeg 1024w, https:\/\/bujinkanpau.org\/wp-content\/uploads\/2026\/02\/eaf1cd60-8bc3-4ca0-b4d7-b4881b01584d-300x225.jpeg 300w, https:\/\/bujinkanpau.org\/wp-content\/uploads\/2026\/02\/eaf1cd60-8bc3-4ca0-b4d7-b4881b01584d-1536x1152.jpeg 1536w, https:\/\/bujinkanpau.org\/wp-content\/uploads\/2026\/02\/eaf1cd60-8bc3-4ca0-b4d7-b4881b01584d-600x450.jpeg 600w, https:\/\/bujinkanpau.org\/wp-content\/uploads\/2026\/02\/eaf1cd60-8bc3-4ca0-b4d7-b4881b01584d-1200x900.jpeg 1200w, https:\/\/bujinkanpau.org\/wp-content\/uploads\/2026\/02\/eaf1cd60-8bc3-4ca0-b4d7-b4881b01584d.jpeg 1600w\" sizes=\"auto, (max-width: 1024px) 100vw, 1024px\" \/><\/figure><div class=\"wp-block-media-text__content\">\n<p>Pratiquant et responsable du cours du cours du Vendredi soir.<\/p>\n\n\n\n<p>Actuellement Shidoshi H\u00f4, Sh\u00f4dan (1er Dan japon)<\/p>\n\n\n\n<p>Th\u00e9o pratique le Ninjutsu depuis de nombreuses ann\u00e9es, apr\u00e8s un passage par l&rsquo;A\u00efkid\u00f4, il est revenu au club et soutient d\u00e9sormais l&rsquo;apprentissage des membres du club gr\u00e2ce \u00e0 son exp\u00e9rience. Son m\u00e9tier de kin\u00e9sith\u00e9rapeute am\u00e8ne au club une expertise pr\u00e9cieuse.<\/p>\n<\/div><\/div>\n\n\n\n<p><\/p>\n","protected":false},"excerpt":{"rendered":"<p>David Avet Shidoshi (Traduire :\u00a0\u00bbQui guide sur la Voie\u00a0\u00bb), Instructeur Ninjutsu\/Ninp\u00f4 Taijutsu\/Budo Taijutsu Actuellement Shidoshi 10\u00e8me Dan Japon, je pratique depuis plus de 15 ans le Ninjutsu (avec deux\u00a0s\u00e9jours au Japon). Form\u00e9 jusqu&rsquo;au grade de Godan par Christophe Batilliot Shihan 15\u00e8me Dan Japon, instructeur de Lille (59). Arts Martiaux Pratique les Arts martiaux depuis plus &hellip; <\/p>\n<p class=\"link-more\"><a href=\"https:\/\/bujinkanpau.org\/?page_id=128\" class=\"more-link\">Lire la suite de<span class=\"screen-reader-text\">\u00ab\u00a0Les Instructeurs\u00a0\u00bb<\/span><\/a><\/p>\n","protected":false},"author":2,"featured_media":0,"parent":36,"menu_order":0,"comment_status":"closed","ping_status":"closed","template":"","meta":{"inspiro_hide_title":false,"footnotes":""},"class_list":["post-128","page","type-page","status-publish","hentry"],"aioseo_notices":[],"featured_media_urls":[],"_links":{"self":[{"href":"https:\/\/bujinkanpau.org\/index.php?rest_route=\/wp\/v2\/pages\/128","targetHints":{"allow":["GET"]}}],"collection":[{"href":"https:\/\/bujinkanpau.org\/index.php?rest_route=\/wp\/v2\/pages"}],"about":[{"href":"https:\/\/bujinkanpau.org\/index.php?rest_route=\/wp\/v2\/types\/page"}],"author":[{"embeddable":true,"href":"https:\/\/bujinkanpau.org\/index.php?rest_route=\/wp\/v2\/users\/2"}],"replies":[{"embeddable":true,"href":"https:\/\/bujinkanpau.org\/index.php?rest_route=%2Fwp%2Fv2%2Fcomments&post=128"}],"version-history":[{"count":82,"href":"https:\/\/bujinkanpau.org\/index.php?rest_route=\/wp\/v2\/pages\/128\/revisions"}],"predecessor-version":[{"id":7607,"href":"https:\/\/bujinkanpau.org\/index.php?rest_route=\/wp\/v2\/pages\/128\/revisions\/7607"}],"up":[{"embeddable":true,"href":"https:\/\/bujinkanpau.org\/index.php?rest_route=\/wp\/v2\/pages\/36"}],"wp:attachment":[{"href":"https:\/\/bujinkanpau.org\/index.php?rest_route=%2Fwp%2Fv2%2Fmedia&parent=128"}],"curies":[{"name":"wp","href":"https:\/\/api.w.org\/{rel}","templated":true}]}}